{"id":150,"date":"2022-11-30T20:07:44","date_gmt":"2022-11-30T20:07:44","guid":{"rendered":"https:\/\/aeprueba.ingorlandoaponte.com\/?page_id=150"},"modified":"2023-10-18T18:25:11","modified_gmt":"2023-10-18T18:25:11","slug":"contacto","status":"publish","type":"page","link":"https:\/\/albatrosair.com.ve\/index.php\/contacto\/","title":{"rendered":"Contacto"},"content":{"rendered":"<style>\/*! elementor - v3.8.1 - 13-11-2022 *\/\n.elementor-heading-title{padding:0;margin:0;line-height:1}.elementor-widget-heading .elementor-heading-title[class*=elementor-size-]>a{color:inherit;font-size:inherit;line-height:inherit}.elementor-widget-heading .elementor-heading-title.elementor-size-small{font-size:15px}.elementor-widget-heading .elementor-heading-title.elementor-size-medium{font-size:19px}.elementor-widget-heading .elementor-heading-title.elementor-size-large{font-size:29px}.elementor-widget-heading .elementor-heading-title.elementor-size-xl{font-size:39px}.elementor-widget-heading .elementor-heading-title.elementor-size-xxl{font-size:59px}<\/style>\n<h2>\n<\/h2>\n<h2>cont\u00e1ctanos <\/h2>\n<h2>Obtenga informaci\u00f3n<\/h2>\n<h2>clientes<\/h2>\n<h2>Sedes principales:<\/h2>\n<ul>\n<li>\n<h3>Maracay<\/h3>\n<\/li>\n<\/ul>\n<link rel=\"stylesheet\" href=\"https:\/\/aeprueba.ingorlandoaponte.com\/wp-content\/plugins\/elementor\/assets\/css\/widget-icon-list.min.css\">\n<ul>\n<li>\n\t\t\t\t\t\t\t\t\t\t <b> Direcci\u00f3n: <\/b>  Torre Sindoni,Nivel Mezzanina Oficina M1-15, Maracay- Edo. Aragua, Venezuela\n\t\t\t\t\t\t\t\t\t<\/li>\n<li>\n\t\t\t\t\t\t\t\t\t\t<b>Tel\u00e9fono:<\/b> +58-4125762583\n\t\t\t\t\t\t\t\t\t<\/li>\n<li>\n\t\t\t\t\t\t\t\t\t\t\t<a href=\"mailto:reservas@albatrosair.aero\"><br \/>\n\t\t\t\t\t\t\t\t\t\t<b>Email:<\/b> reservas@albatrosair.com.ve<br \/>\n\t\t\t\t\t\t\t\t\t\t\t<\/a>\n\t\t\t\t\t\t\t\t\t<\/li>\n<li>\n\t\t\t\t\t\t\t\t\t\t\t<a href=\"https:\/\/www.google.co.ve\/maps\/place\/Torre+Sindoni,+Maracay+2101,+Aragua,+Venezuela\/@10.248611,-67.590556,17z\/data=!3m1!4b1!4m5!3m4!1s0x8e803ca161528a3d:0xc961046438be4e15!8m2!3d10.248611!4d-67.590556\"><br \/>\n\t\t\t\t\t\t\t\t\t\t<b> Ir al Mapa<\/b><br \/>\n\t\t\t\t\t\t\t\t\t\t\t<\/a>\n\t\t\t\t\t\t\t\t\t<\/li>\n<\/ul>\n<p>\t\t<!----------------------------- \n\t\t\t* controls_data : find the the props passed indie of data attribute\n\t\t\t* props.SubmitResponseMarkup : contains the markup of error or success message\n\t\t\t* https:\/\/developer.mozilla.org\/en-US\/docs\/Web\/JavaScript\/Reference\/Template_literals\n\t\t--------------------------- --><\/p>\n<ul>\n<li>\n\t\t\t\t\t\t\t\t\t\t<b> Direcci\u00f3n: <\/b>  Aeropuerto Arturo Michelena  Valencia &#8211; Edo. Carabobo, Venezuela\n\t\t\t\t\t\t\t\t\t<\/li>\n<li>\n\t\t\t\t\t\t\t\t\t\t<b>Tel\u00e9fono:<\/b> +58-4125762583\n\t\t\t\t\t\t\t\t\t<\/li>\n<li>\n\t\t\t\t\t\t\t\t\t\t\t<a href=\"mailto:reservas@albatrosair.aero\"><br \/>\n\t\t\t\t\t\t\t\t\t\t<b>Email:<\/b> reservas@albatrosair.com.ve<br \/>\n\t\t\t\t\t\t\t\t\t\t\t<\/a>\n\t\t\t\t\t\t\t\t\t<\/li>\n<li>\n\t\t\t\t\t\t\t\t\t\t\t<a href=\"https:\/\/www.google.es\/maps\/search\/aeropuerto+cerca+de+Avenida+Arturo+Michelena,+Valencia,+Carabobo,+Venezuela\/@10.1548644,-68.3129555,11z\/data=!3m1!4b1\"><br \/>\n\t\t\t\t\t\t\t\t\t\t<b> Ir al Mapa<\/b><br \/>\n\t\t\t\t\t\t\t\t\t\t\t<\/a>\n\t\t\t\t\t\t\t\t\t<\/li>\n<\/ul>\n<style>\/*! elementor - v3.8.1 - 13-11-2022 *\/\n.elementor-widget-google_maps .elementor-widget-container{overflow:hidden}.elementor-widget-google_maps iframe{height:300px}<\/style>\n<p>\t\t\t<iframe frameborder=\"0\" scrolling=\"no\" marginheight=\"0\" marginwidth=\"0\"\n\t\t\t\t\tsrc=\"https:\/\/maps.google.com\/maps?q=Torre%20Sindoni%20Maracay%20Edo.%20Aragua%2C%20Venezuela&#038;t=m&#038;z=18&#038;output=embed&#038;iwloc=near\"\n\t\t\t\t\ttitle=\"Torre Sindoni Maracay Edo. Aragua, Venezuela\"\n\t\t\t\t\taria-label=\"Torre Sindoni Maracay Edo. Aragua, Venezuela\"\n\t\t\t><\/iframe><\/p>\n","protected":false},"excerpt":{"rendered":"<p>cont\u00e1ctanos Obtenga informaci\u00f3n clientes Sedes principales: Maracay Direcci\u00f3n: Torre Sindoni,Nivel Mezzanina Oficina M1-15, Maracay- Edo. Aragua, Venezuela Tel\u00e9fono: +58-4125762583 Email: reservas@albatrosair.com.ve Ir al Mapa Direcci\u00f3n: Aeropuerto Arturo Michelena Valencia &#8211; Edo. Carabobo, Venezuela Tel\u00e9fono: +58-4125762583 Email: reservas@albatrosair.com.ve Ir al Mapa<\/p>\n","protected":false},"author":1,"featured_media":0,"parent":0,"menu_order":0,"comment_status":"closed","ping_status":"closed","template":"","meta":{"site-sidebar-layout":"no-sidebar","site-content-layout":"page-builder","ast-global-header-display":"","ast-main-header-display":"","ast-hfb-above-header-display":"","ast-hfb-below-header-display":"","ast-hfb-mobile-header-display":"","site-post-title":"disabled","ast-breadcrumbs-content":"","ast-featured-img":"disabled","footer-sml-layout":"","theme-transparent-header-meta":"","adv-header-id-meta":"","stick-header-meta":"","header-above-stick-meta":"","header-main-stick-meta":"","header-below-stick-meta":""},"_links":{"self":[{"href":"https:\/\/albatrosair.com.ve\/index.php\/wp-json\/wp\/v2\/pages\/150"}],"collection":[{"href":"https:\/\/albatrosair.com.ve\/index.php\/wp-json\/wp\/v2\/pages"}],"about":[{"href":"https:\/\/albatrosair.com.ve\/index.php\/wp-json\/wp\/v2\/types\/page"}],"author":[{"embeddable":true,"href":"https:\/\/albatrosair.com.ve\/index.php\/wp-json\/wp\/v2\/users\/1"}],"replies":[{"embeddable":true,"href":"https:\/\/albatrosair.com.ve\/index.php\/wp-json\/wp\/v2\/comments?post=150"}],"version-history":[{"count":121,"href":"https:\/\/albatrosair.com.ve\/index.php\/wp-json\/wp\/v2\/pages\/150\/revisions"}],"predecessor-version":[{"id":2361,"href":"https:\/\/albatrosair.com.ve\/index.php\/wp-json\/wp\/v2\/pages\/150\/revisions\/2361"}],"wp:attachment":[{"href":"https:\/\/albatrosair.com.ve\/index.php\/wp-json\/wp\/v2\/media?parent=150"}],"curies":[{"name":"wp","href":"https:\/\/api.w.org\/{rel}","templated":true}]}}