{"id":559,"date":"2022-12-07T14:51:25","date_gmt":"2022-12-07T14:51:25","guid":{"rendered":"https:\/\/aeprueba.ingorlandoaponte.com\/?page_id=559"},"modified":"2023-10-18T18:13:47","modified_gmt":"2023-10-18T18:13:47","slug":"pasajeros","status":"publish","type":"page","link":"https:\/\/albatrosair.com.ve\/index.php\/pasajeros\/","title":{"rendered":"pasajeros"},"content":{"rendered":"<style>\/*! elementor - v3.8.1 - 13-11-2022 *\/\n.elementor-heading-title{padding:0;margin:0;line-height:1}.elementor-widget-heading .elementor-heading-title[class*=elementor-size-]>a{color:inherit;font-size:inherit;line-height:inherit}.elementor-widget-heading .elementor-heading-title.elementor-size-small{font-size:15px}.elementor-widget-heading .elementor-heading-title.elementor-size-medium{font-size:19px}.elementor-widget-heading .elementor-heading-title.elementor-size-large{font-size:29px}.elementor-widget-heading .elementor-heading-title.elementor-size-xl{font-size:39px}.elementor-widget-heading .elementor-heading-title.elementor-size-xxl{font-size:59px}<\/style>\n<h2>Informaci\u00f3n del Pasajero<\/h2>\n<link rel=\"stylesheet\" href=\"https:\/\/aeprueba.ingorlandoaponte.com\/wp-content\/plugins\/elementor\/assets\/css\/widget-icon-list.min.css\">\n<ul>\n<li>\n\t\t\t\t\t\t\t\t\t\t\t<a href=\"https:\/\/albatrosair.aero\/\"><br \/>\n\t\t\t\t\t\t\t\t\t\t\tInicio<br \/>\n\t\t\t\t\t\t\t\t\t\t\t<\/a>\n\t\t\t\t\t\t\t\t\t<\/li>\n<li>\n\t\t\t\t\t\t\t\t\t\tInformaci\u00f3n del pasajero\n\t\t\t\t\t\t\t\t\t<\/li>\n<\/ul>\n<h2>Gu\u00eda del viajero<\/h2>\n<h2>pasajeros<\/h2>\n<p>Conoce nuestras pol\u00edticas relacionadas al equipaje, impuestos, mercanc\u00edas a transportar, servicios especiales, entre otros.<\/p>\n<style>\/*! elementor - v3.8.1 - 13-11-2022 *\/\n.elementor-widget-image{text-align:center}.elementor-widget-image a{display:inline-block}.elementor-widget-image a img[src$=\".svg\"]{width:48px}.elementor-widget-image img{vertical-align:middle;display:inline-block}<\/style>\n<p>\t\t\t\t\t\t\t\t\t\t\t\t<img width=\"512\" height=\"512\" src=\"https:\/\/albatrosair.aero\/wp-content\/uploads\/2022\/12\/info-pasajeros-equipaje.png\" alt=\"\" decoding=\"async\" loading=\"lazy\" srcset=\"https:\/\/albatrosair.aero\/wp-content\/uploads\/2022\/12\/info-pasajeros-equipaje.png 512w, https:\/\/albatrosair.aero\/wp-content\/uploads\/2022\/12\/info-pasajeros-equipaje-300x300.png 300w, https:\/\/albatrosair.aero\/wp-content\/uploads\/2022\/12\/info-pasajeros-equipaje-150x150.png 150w\" sizes=\"(max-width: 512px) 100vw, 512px\" \/>\t\t\t\t\t\t\t\t\t\t\t\t\t\t\t<\/p>\n<p>POL\u00cdTICAS DE EQUIPAJE<\/p>\n<p>Cada una de nuestras rutas posee distintas pol\u00edticas tanto para el equipaje de mano, como para el facturado, con\u00f3celas\u2026<\/p>\n<p><a href=\"https:\/\/albatrosair.aero\/index.php\/politicas-de-equipaje\/\">Pol\u00edticas de Equipaje<\/a><\/p>\n<p>Caracas \/ Porlamar \/ Caracas<\/p>\n<p>Maracay \/ Porlamar \/ Maracay<\/p>\n<p>Maracay \/ Barcelona \/ Maracay<\/p>\n<p>Maracay \/ Las Piedras \/ Maracay<\/p>\n<p>Valencia \/ Curazao \/ Valencia<\/p>\n<p>Caracas\/ Las Piedras\/ Caracas<\/p>\n<p>Las Piedras \/ Curazao \/ Las Piedras<\/p>\n<p>\t\t\t\t\t\t\t\t\t\t\t\t\t\t\t<img width=\"512\" height=\"512\" src=\"https:\/\/albatrosair.aero\/wp-content\/uploads\/2022\/12\/info-pasajeros-impuestos-tarifas.png\" alt=\"\" decoding=\"async\" loading=\"lazy\" srcset=\"https:\/\/albatrosair.aero\/wp-content\/uploads\/2022\/12\/info-pasajeros-impuestos-tarifas.png 512w, https:\/\/albatrosair.aero\/wp-content\/uploads\/2022\/12\/info-pasajeros-impuestos-tarifas-300x300.png 300w, https:\/\/albatrosair.aero\/wp-content\/uploads\/2022\/12\/info-pasajeros-impuestos-tarifas-150x150.png 150w\" sizes=\"(max-width: 512px) 100vw, 512px\" \/>\t\t\t\t\t\t\t\t\t\t\t\t\t\t\t<\/p>\n<p>IMPUESTOS Y TASAS<\/p>\n<p>Los Impuestos y Tasas a pagar depender\u00e1n del aeropuerto donde se origine o destine el vuelo al que desees ir<\/p>\n<p>Aeropuerto Internacional General Jos\u00e9 Antonio Anzo\u00e1tegui (BARCELONA)<\/p>\n<p>Aeropuerto Nacional Los Tacariguas ( MARACAY)<\/p>\n<p>Aeropuerto Internacional Arturo Michelena (VALENCIA- VENEZUELA)<\/p>\n<p>Aeropuerto Santiago Mari\u00f1o (PORLAMAR)<\/p>\n<p>Aeropuerto Int. Josefa Camejo (LAS PIEDRAS-VENEZUELA)<\/p>\n<p>Aeropuerto Internacional El Hato (CURAZAO) <\/p>\n<p>\t\t\t\t\t\t\t\t\t\t\t\t\t\t\t<img width=\"512\" height=\"512\" src=\"https:\/\/albatrosair.aero\/wp-content\/uploads\/2022\/12\/info-mercancias-peligrosas.png\" alt=\"\" decoding=\"async\" loading=\"lazy\" srcset=\"https:\/\/albatrosair.aero\/wp-content\/uploads\/2022\/12\/info-mercancias-peligrosas.png 512w, https:\/\/albatrosair.aero\/wp-content\/uploads\/2022\/12\/info-mercancias-peligrosas-300x300.png 300w, https:\/\/albatrosair.aero\/wp-content\/uploads\/2022\/12\/info-mercancias-peligrosas-150x150.png 150w\" sizes=\"(max-width: 512px) 100vw, 512px\" \/>\t\t\t\t\t\t\t\t\t\t\t\t\t\t\t<\/p>\n<p>MERCANC\u00cdAS PELIGROSAS, ART\u00cdCULOS RESTRINGIDOS Y ART\u00cdCULOS PROHIBIDOS<\/p>\n<p>La acetona, corta\u00fa\u00f1as, entre otros elementos que podemos considerar cotidianos, son catalogados como mercanc\u00edas peligrosas para el transporte a\u00e9reo, con\u00f3celas.<\/p>\n<p><a href=\"https:\/\/albatrosair.aero\/index.php\/mercancias-peligrosas\">Mercanc\u00edas Peligrosas<\/a><\/p>\n<p><a href=\"https:\/\/albatrosair.aero\/index.php\/mercancias-peligrosas\">Articulos Restringidos<\/a><\/p>\n<p><a href=\"https:\/\/albatrosair.aero\/index.php\/mercancias-peligrosas\">Art\u00edculos Prohibidos<\/a><\/p>\n<p>\t\t\t\t\t\t\t\t\t\t\t\t\t\t\t<img width=\"512\" height=\"512\" src=\"https:\/\/albatrosair.aero\/wp-content\/uploads\/2022\/12\/info-pasajeros-transporte-organos.png\" alt=\"\" decoding=\"async\" loading=\"lazy\" srcset=\"https:\/\/albatrosair.aero\/wp-content\/uploads\/2022\/12\/info-pasajeros-transporte-organos.png 512w, https:\/\/albatrosair.aero\/wp-content\/uploads\/2022\/12\/info-pasajeros-transporte-organos-300x300.png 300w, https:\/\/albatrosair.aero\/wp-content\/uploads\/2022\/12\/info-pasajeros-transporte-organos-150x150.png 150w\" sizes=\"(max-width: 512px) 100vw, 512px\" \/>\t\t\t\t\t\t\t\t\t\t\t\t\t\t\t<\/p>\n<p>PASAJEROS CON CONDICI\u00d3N MEDICA<\/p>\n<p>Las mujeres embarazadas tienen ciertas restricciones para poder trasladarse en transporte a\u00e9reo, con\u00f3celas.<\/p>\n<p>Individuos en Condici\u00f3n de Discapacidad<\/p>\n<style>\/*! elementor - v3.8.1 - 13-11-2022 *\/\nbody.elementor-page .elementor-widget-menu-anchor{margin-bottom:0}<\/style>\n<p>\t\t\t\t\t\t\t\t\t\t\t\t\t\t\t<img width=\"512\" height=\"512\" src=\"https:\/\/albatrosair.aero\/wp-content\/uploads\/2022\/12\/info-pasajeros-mujeres-embarazadas.png\" alt=\"\" decoding=\"async\" loading=\"lazy\" srcset=\"https:\/\/albatrosair.aero\/wp-content\/uploads\/2022\/12\/info-pasajeros-mujeres-embarazadas.png 512w, https:\/\/albatrosair.aero\/wp-content\/uploads\/2022\/12\/info-pasajeros-mujeres-embarazadas-300x300.png 300w, https:\/\/albatrosair.aero\/wp-content\/uploads\/2022\/12\/info-pasajeros-mujeres-embarazadas-150x150.png 150w\" sizes=\"(max-width: 512px) 100vw, 512px\" \/>\t\t\t\t\t\t\t\t\t\t\t\t\t\t\t<\/p>\n<p>Mujeres Embarazadas<\/p>\n<p>Es obligatorio que las pasajeras en estado de gravidez presenten para su chequeo un certificado m\u00e9dico con fecha de expedici\u00f3n de veinticuatro (24) horas antes de la salida de vuelo, el cual debe indicar el tiempo de gestaci\u00f3n y la autorizaci\u00f3n para viajar por v\u00eda a\u00e9rea.<\/p>\n<p>Las pasajeras en estado de gravidez pueden trasladarse en nuestras aeronaves hasta cumplir las veintisiete (27) semanas de gestaci\u00f3n y se le debe llenar sin excepci\u00f3n el formulario de Exoneraci\u00f3n de Responsabilidad Limitada.<\/p>\n<p>Mujeres Embarazadas<\/p>\n<p>\t\t\t\t\t\t\t\t\t\t\t\t\t\t\t<img width=\"512\" height=\"512\" src=\"https:\/\/albatrosair.aero\/wp-content\/uploads\/2022\/12\/info-pasajeros-contrato-transporte.png\" alt=\"\" decoding=\"async\" loading=\"lazy\" srcset=\"https:\/\/albatrosair.aero\/wp-content\/uploads\/2022\/12\/info-pasajeros-contrato-transporte.png 512w, https:\/\/albatrosair.aero\/wp-content\/uploads\/2022\/12\/info-pasajeros-contrato-transporte-300x300.png 300w, https:\/\/albatrosair.aero\/wp-content\/uploads\/2022\/12\/info-pasajeros-contrato-transporte-150x150.png 150w\" sizes=\"(max-width: 512px) 100vw, 512px\" \/>\t\t\t\t\t\t\t\t\t\t\t\t\t\t\t<\/p>\n<p>Requisitos Migratorios<\/p>\n<p>Disposiciones Migratorias para ingresar a Curazao<\/p>\n<p>Disposiciones Migratorias para ingresar a Venezuela<\/p>\n<p>\t\t\t\t\t\t\t\t\t\t\t\t\t\t\t<img width=\"512\" height=\"512\" src=\"https:\/\/albatrosair.aero\/wp-content\/uploads\/2022\/12\/info-pasajeros-menores-viajando.png\" alt=\"\" decoding=\"async\" loading=\"lazy\" srcset=\"https:\/\/albatrosair.aero\/wp-content\/uploads\/2022\/12\/info-pasajeros-menores-viajando.png 512w, https:\/\/albatrosair.aero\/wp-content\/uploads\/2022\/12\/info-pasajeros-menores-viajando-300x300.png 300w, https:\/\/albatrosair.aero\/wp-content\/uploads\/2022\/12\/info-pasajeros-menores-viajando-150x150.png 150w\" sizes=\"(max-width: 512px) 100vw, 512px\" \/>\t\t\t\t\t\t\t\t\t\t\t\t\t\t\t<\/p>\n<p>MENORES DE EDAD VIAJANDO<\/p>\n<p>Sabemos que los peque\u00f1os de la casa son lo m\u00e1s importante para cada familia, conoce aqu\u00ed todas las pol\u00edticas en relaci\u00f3n a los viajes de los menores de edad<\/p>\n<p>Transporte menores con acompa\u00f1ante<\/p>\n<p>Transporte de menores sin acompa\u00f1ante<\/p>\n<p>Infantes<\/p>\n<p>\t\t\t\t\t\t\t\t\t\t\t\t\t\t\t\t<a href=\"https:\/\/albatrosair.aero\/index.php\/animales-vivos\/\"><br \/>\n\t\t\t\t\t\t\t<img width=\"512\" height=\"512\" src=\"https:\/\/albatrosair.aero\/wp-content\/uploads\/2022\/12\/info-pasajeros-transporte-animales.png\" alt=\"\" decoding=\"async\" loading=\"lazy\" srcset=\"https:\/\/albatrosair.aero\/wp-content\/uploads\/2022\/12\/info-pasajeros-transporte-animales.png 512w, https:\/\/albatrosair.aero\/wp-content\/uploads\/2022\/12\/info-pasajeros-transporte-animales-300x300.png 300w, https:\/\/albatrosair.aero\/wp-content\/uploads\/2022\/12\/info-pasajeros-transporte-animales-150x150.png 150w\" sizes=\"(max-width: 512px) 100vw, 512px\" \/>\t\t\t\t\t\t\t\t<\/a><\/p>\n<p><a href=\"https:\/\/albatrosair.aero\/index.php\/animales-vivos\/\">TRANSPORTE ANIMALES VIVOS<\/a><\/p>\n","protected":false},"excerpt":{"rendered":"<p>Informaci\u00f3n del Pasajero Inicio Informaci\u00f3n del pasajero Gu\u00eda del viajero pasajeros Conoce nuestras pol\u00edticas relacionadas al equipaje, impuestos, mercanc\u00edas a transportar, servicios especiales, entre otros. POL\u00cdTICAS DE EQUIPAJE Cada una de nuestras rutas posee distintas pol\u00edticas tanto para el equipaje de mano, como para el facturado, con\u00f3celas\u2026 Pol\u00edticas de Equipaje Caracas \/ Porlamar \/ Caracas &hellip;<\/p>\n<p class=\"read-more\"> <a class=\"\" href=\"https:\/\/albatrosair.com.ve\/index.php\/pasajeros\/\"> <span class=\"screen-reader-text\">pasajeros<\/span> Leer m\u00e1s &raquo;<\/a><\/p>\n","protected":false},"author":1,"featured_media":0,"parent":0,"menu_order":0,"comment_status":"closed","ping_status":"closed","template":"","meta":{"site-sidebar-layout":"no-sidebar","site-content-layout":"page-builder","ast-global-header-display":"","ast-main-header-display":"","ast-hfb-above-header-display":"","ast-hfb-below-header-display":"","ast-hfb-mobile-header-display":"","site-post-title":"disabled","ast-breadcrumbs-content":"","ast-featured-img":"disabled","footer-sml-layout":"","theme-transparent-header-meta":"","adv-header-id-meta":"","stick-header-meta":"","header-above-stick-meta":"","header-main-stick-meta":"","header-below-stick-meta":""},"_links":{"self":[{"href":"https:\/\/albatrosair.com.ve\/index.php\/wp-json\/wp\/v2\/pages\/559"}],"collection":[{"href":"https:\/\/albatrosair.com.ve\/index.php\/wp-json\/wp\/v2\/pages"}],"about":[{"href":"https:\/\/albatrosair.com.ve\/index.php\/wp-json\/wp\/v2\/types\/page"}],"author":[{"embeddable":true,"href":"https:\/\/albatrosair.com.ve\/index.php\/wp-json\/wp\/v2\/users\/1"}],"replies":[{"embeddable":true,"href":"https:\/\/albatrosair.com.ve\/index.php\/wp-json\/wp\/v2\/comments?post=559"}],"version-history":[{"count":135,"href":"https:\/\/albatrosair.com.ve\/index.php\/wp-json\/wp\/v2\/pages\/559\/revisions"}],"predecessor-version":[{"id":2372,"href":"https:\/\/albatrosair.com.ve\/index.php\/wp-json\/wp\/v2\/pages\/559\/revisions\/2372"}],"wp:attachment":[{"href":"https:\/\/albatrosair.com.ve\/index.php\/wp-json\/wp\/v2\/media?parent=559"}],"curies":[{"name":"wp","href":"https:\/\/api.w.org\/{rel}","templated":true}]}}